{"id":731,"date":"2024-02-03T05:18:24","date_gmt":"2024-02-03T05:18:24","guid":{"rendered":"https:\/\/immeublesavenir.ca\/?page_id=731"},"modified":"2024-04-11T16:22:57","modified_gmt":"2024-04-11T16:22:57","slug":"devenir","status":"publish","type":"page","link":"https:\/\/immeublesavenir.ca\/fr\/devenir\/","title":{"rendered":"Devenir"},"content":{"rendered":"<div class=\"wpb-content-wrapper\"><p>[vc_row][vc_column]  <section class=\"dp-banner  wpb_animate_when_almost_visible wpb_fadeInUp fadeInUp dp-banner-style-2\" style=\"background-image:url(https:\/\/immeublesavenir.ca\/wp-content\/uploads\/2024\/02\/devenir-header-bg-scaled.jpg)\">\r\n                      <div class=\"dp-banner-inner\">\r\n                        <div class=\"container\">\r\n                          <div class=\"dp-banner-inner-content\" style=\"max-width:760px\"><\/p>\n<h2>Voici <b>DEVENIR<\/b>, une entreprise d\u00e9di\u00e9e \u00e0 <b>l&rsquo;excellence<\/b> en mati\u00e8re de <b>construction<\/b> et <b>d&rsquo;innovation.<\/b><\/h2>\n<p>\n<\/div><a class=\"dp-banner-next-btn\" href=\"#mission-passion\"><i class=\"invicon-arrow-down\"><\/i><\/a><\/div><div class=\"dp-banner-watermark\"><img loading=\"lazy\" decoding=\"async\" src=\"https:\/\/immeublesavenir.ca\/wp-content\/themes\/avenir\/images\/watermark-4.svg\" width=\"677\" height=\"163\"><\/div><\/div>\r\n                    <\/section>[\/vc_column][\/vc_row][vc_row equal_height=\u00a0\u00bbyes\u00a0\u00bb el_class=\u00a0\u00bbdp-common-sec dp-who-we-are-sec dp-v2-devenir-cnt\u00a0\u00bb css=\u00a0\u00bb.vc_custom_1707416514280{padding-bottom: 0px !important;}\u00a0\u00bb el_id=\u00a0\u00bbmission-passion\u00a0\u00bb][vc_column el_class=\u00a0\u00bbcontainer\u00a0\u00bb]\r\n                <!--========================================\r\n                =            Image Text Section            =\r\n                =========================================-->\r\n                \r\n                <section class=\"dp-image-text-sec dp-common-sec  dp-img-text-align-left dp-careers-imgbox dp-who-we-are-imagesec   wpb_animate_when_almost_visible wpb_fadeInUp fadeInUp\"><div class=\"container\">\r\n                    <div class=\"row \">\r\n                      <div class=\"col-lg-6 dp-image-text-img-col\">\r\n                        <div class=\"dp-image-text-img-wrap\">\r\n                          <div class=\"dp-image-text-img\" style=\"background-image:url(https:\/\/immeublesavenir.ca\/wp-content\/uploads\/2024\/04\/DEvenir-page-2.png)\"><\/div>\r\n                        <\/div>\r\n                      <\/div>\r\n                      <div class=\"col-lg-6\">\r\n                        <div class=\"dp-image-text-block\">\r\n                          <h2>qui nous sommes<\/h2>\r\n                          <p>Fond\u00e9e en 2022, Devenir Construction est un entrepreneur g\u00e9n\u00e9ral de premier plan qui offre une expertise diversifi\u00e9e en mati\u00e8re de d\u00e9veloppement, de budg\u00e9tisation et de gestion de projets de construction. Notre engagement absolu envers l&rsquo;excellence se traduit par une approche personnalis\u00e9e ax\u00e9e sur la qualit\u00e9, le respect des budgets et des \u00e9ch\u00e9anciers.<\/p>\n<p>Avec une \u00e9quipe de professionnels exp\u00e9riment\u00e9s, Devenir Construction s&rsquo;engage \u00e0 d\u00e9passer vos attentes en vous fournissant des solutions personnalis\u00e9es et un service de qualit\u00e9, vous aidant \u00e0 r\u00e9aliser vos projets au-del\u00e0 de vos aspirations.<\/p>\n\r\n                          \r\n                          \r\n                        <\/div>\r\n                      <\/div>\r\n                    <\/div>\r\n                  <\/div>\r\n                <\/section>\r\n                \r\n                <!--====  End of Image Text Section  ====-->[vc_single_image image=\u00a0\u00bb1106&Prime; img_size=\u00a0\u00bb341&#215;482&Prime; css_animation=\u00a0\u00bbfadeInUp\u00a0\u00bb el_class=\u00a0\u00bbdp-graphic-d\u00a0\u00bb] <!--==============================\n                =            Projects            =\n                ===============================-->\n                \n                <section class=\"dp-projects dp-projects-style-2  wpb_animate_when_almost_visible wpb_fadeInUp fadeInUp \" data-duration=\"6000\">\n                  <div class=\"container\">\n                    <h4>Projets<\/h4>\n                    <div class=\"dp-projects-slider-box\">\n                      <div class=\"dp-projects-slider-nav slick-slider\"><\/div>\n                      <div class=\"dp-projects-slider-wrap\">\n                        <div class=\"dp-projects-slider\"><div class=\"dp-projects-slide\">          \n                                          <a href=\"#\" target=\"_blank\" class=\"dp-project-block\">\n                                            <span class=\"dp-project-block-img\">\n                                              <img decoding=\"async\" src=\"https:\/\/immeublesavenir.ca\/wp-content\/uploads\/2024\/02\/Untitled-1.png\" class=\"img-fluid\">\n                                              <span class=\"dp-project-block-caption\">\n                                                <strong>Clickspace<\/strong>\n                                                <small>Un espace de travail collaboratif qui offre des services logistiques de premier ordre pour l'ex\u00e9cution des commandes et un acc\u00e8s aux connaissances et \u00e0 l'expertise de nos partenaires de classe mondiale. <i class=\"invicon-link\"><\/i><\/small>\n                                              <\/span>\n                                            <\/span>\n                                            <span class=\"dp-project-block-logo\">\n                                              <img decoding=\"async\" src=\"https:\/\/immeublesavenir.ca\/wp-content\/themes\/avenir\/images\/logo-chabanel.png\" class=\"img-fluid\">\n                                            <\/span>\n                                            <span class=\"dp-project-desc\">Clickspace<\/span>\n                                          <\/a>          \n                                        <\/div><div class=\"dp-projects-slide\">          \n                                          <a href=\"#\" target=\"_blank\" class=\"dp-project-block\">\n                                            <span class=\"dp-project-block-img\">\n                                              <img decoding=\"async\" src=\"https:\/\/immeublesavenir.ca\/wp-content\/uploads\/2024\/02\/Hochelaga.png\" class=\"img-fluid\">\n                                              <span class=\"dp-project-block-caption\">\n                                                <strong>5090 Rue Hochelaga<\/strong>\n                                                <small>La conversion d'un espace industriel en une installation de self-stockage de pointe implique un processus de transformation complet qui maximise l'utilit\u00e9 des structures existantes tout en int\u00e9grant des solutions de stockage modernes. <i class=\"invicon-link\"><\/i><\/small>\n                                              <\/span>\n                                            <\/span>\n                                            <span class=\"dp-project-block-logo\">\n                                              <img decoding=\"async\" src=\"https:\/\/immeublesavenir.ca\/wp-content\/themes\/avenir\/images\/logo-chabanel.png\" class=\"img-fluid\">\n                                            <\/span>\n                                            <span class=\"dp-project-desc\">5090 Rue Hochelaga<\/span>\n                                          <\/a>          \n                                        <\/div><div class=\"dp-projects-slide\">          \n                                          <a href=\"#\" target=\"_blank\" class=\"dp-project-block\">\n                                            <span class=\"dp-project-block-img\">\n                                              <img decoding=\"async\" src=\"https:\/\/immeublesavenir.ca\/wp-content\/uploads\/2024\/02\/LAsalle.png\" class=\"img-fluid\">\n                                              <span class=\"dp-project-block-caption\">\n                                                <strong>2707 Av Dollard<\/strong>\n                                                <small>La r\u00e9novation d'un b\u00e2timent entier n\u00e9cessite une planification et une ex\u00e9cution m\u00e9ticuleuses afin d'am\u00e9liorer la fonctionnalit\u00e9 et l'esth\u00e9tique.  <i class=\"invicon-link\"><\/i><\/small>\n                                              <\/span>\n                                            <\/span>\n                                            <span class=\"dp-project-block-logo\">\n                                              <img decoding=\"async\" src=\"https:\/\/immeublesavenir.ca\/wp-content\/themes\/avenir\/images\/logo-chabanel.png\" class=\"img-fluid\">\n                                            <\/span>\n                                            <span class=\"dp-project-desc\">2707 Av Dollard<\/span>\n                                          <\/a>          \n                                        <\/div><div class=\"dp-projects-slide\">          \n                                          <a href=\"#\" target=\"_blank\" class=\"dp-project-block\">\n                                            <span class=\"dp-project-block-img\">\n                                              <img decoding=\"async\" src=\"https:\/\/immeublesavenir.ca\/wp-content\/uploads\/2024\/03\/Saint-adele.png\" class=\"img-fluid\">\n                                              <span class=\"dp-project-block-caption\">\n                                                <strong>169 Boul de Sainte-Ad\u00e8le<\/strong>\n                                                <small>Conception architecturale, ing\u00e9nierie structurelle et respect des r\u00e8gles de zonage. L'objectif est d'int\u00e9grer harmonieusement la nouvelle structure au site existant, d'am\u00e9liorer la fonctionnalit\u00e9 globale et de r\u00e9pondre \u00e0 la demande accrue. <i class=\"invicon-link\"><\/i><\/small>\n                                              <\/span>\n                                            <\/span>\n                                            <span class=\"dp-project-block-logo\">\n                                              <img decoding=\"async\" src=\"https:\/\/immeublesavenir.ca\/wp-content\/themes\/avenir\/images\/logo-chabanel.png\" class=\"img-fluid\">\n                                            <\/span>\n                                            <span class=\"dp-project-desc\">169 Boul de Sainte-Ad\u00e8le<\/span>\n                                          <\/a>          \n                                        <\/div><\/div>\n                      <\/div>\n                    <\/div>\n                  <\/div>\n                <\/section>\n                \n                <!--====  End of Projects  ====-->\r\n                <!--========================================\r\n                =            Image Text Section            =\r\n                =========================================-->\r\n                \r\n                <section class=\"dp-image-text-sec dp-common-sec  dp-img-text-align-right dp-devenir-have-project-sec  dp-invert  wpb_animate_when_almost_visible wpb_fadeInUp fadeInUp\"><div class=\"container\">\r\n                    <div class=\"row dp-row-invert \">\r\n                      <div class=\"col-lg-6 dp-image-text-img-col\">\r\n                        <div class=\"dp-image-text-img-wrap\">\r\n                          <div class=\"dp-image-text-img\" style=\"background-image:url(https:\/\/immeublesavenir.ca\/wp-content\/uploads\/2024\/02\/have-a-project-1.jpg)\"><\/div>\r\n                        <\/div>\r\n                      <\/div>\r\n                      <div class=\"col-lg-6\">\r\n                        <div class=\"dp-image-text-block\">\r\n                          <h2>Vous avez un projet ?<\/h2>\r\n                          <p>Vous souhaitez travailler avec l&rsquo;\u00e9quipe de Devenir et d\u00e9couvrir nos derni\u00e8res opportunit\u00e9s de projets ? Contactez-nous et nous nous ferons un plaisir de vous informer sur les derni\u00e8res opportunit\u00e9s.<\/p>\n\r\n                          <div class=\"dp-sec-btns\">\r\n                            <a href=\"#dp-contact-popup\" class=\"btn btn-primary\"><span>CONTACTEZ-NOUS <i class=\"invicon-arrow-1-right\"><\/i><\/span><\/a>\r\n                          <\/div>\r\n                          \r\n                        <\/div>\r\n                      <\/div>\r\n                    <\/div>\r\n                  <\/div>\r\n                <\/section>\r\n                \r\n                <!--====  End of Image Text Section  ====-->[\/vc_column][\/vc_row]<\/p>\n<\/div>","protected":false},"excerpt":{"rendered":"<p>[vc_row][vc_column][\/vc_column][\/vc_row][vc_row equal_height=\u00a0\u00bbyes\u00a0\u00bb el_class=\u00a0\u00bbdp-common-sec dp-who-we-are-sec dp-v2-devenir-cnt\u00a0\u00bb css=\u00a0\u00bb.vc_custom_1707416514280{padding-bottom: 0px !important;}\u00a0\u00bb el_id=\u00a0\u00bbmission-passion\u00a0\u00bb][vc_column el_class=\u00a0\u00bbcontainer\u00a0\u00bb][vc_single_image image=\u00a0\u00bb1106&Prime; img_size=\u00a0\u00bb341&#215;482&Prime; css_animation=\u00a0\u00bbfadeInUp\u00a0\u00bb el_class=\u00a0\u00bbdp-graphic-d\u00a0\u00bb][\/vc_column][\/vc_row]<\/p>\n","protected":false},"author":1,"featured_media":0,"parent":0,"menu_order":0,"comment_status":"closed","ping_status":"closed","template":"","meta":{"_acf_changed":false,"footnotes":""},"class_list":["post-731","page","type-page","status-publish","hentry"],"acf":[],"_links":{"self":[{"href":"https:\/\/immeublesavenir.ca\/fr\/wp-json\/wp\/v2\/pages\/731","targetHints":{"allow":["GET"]}}],"collection":[{"href":"https:\/\/immeublesavenir.ca\/fr\/wp-json\/wp\/v2\/pages"}],"about":[{"href":"https:\/\/immeublesavenir.ca\/fr\/wp-json\/wp\/v2\/types\/page"}],"author":[{"embeddable":true,"href":"https:\/\/immeublesavenir.ca\/fr\/wp-json\/wp\/v2\/users\/1"}],"replies":[{"embeddable":true,"href":"https:\/\/immeublesavenir.ca\/fr\/wp-json\/wp\/v2\/comments?post=731"}],"version-history":[{"count":11,"href":"https:\/\/immeublesavenir.ca\/fr\/wp-json\/wp\/v2\/pages\/731\/revisions"}],"predecessor-version":[{"id":1182,"href":"https:\/\/immeublesavenir.ca\/fr\/wp-json\/wp\/v2\/pages\/731\/revisions\/1182"}],"wp:attachment":[{"href":"https:\/\/immeublesavenir.ca\/fr\/wp-json\/wp\/v2\/media?parent=731"}],"curies":[{"name":"wp","href":"https:\/\/api.w.org\/{rel}","templated":true}]}}