{"id":697,"date":"2024-01-31T13:09:29","date_gmt":"2024-01-31T13:09:29","guid":{"rendered":"https:\/\/immeublesavenir.ca\/?page_id=697"},"modified":"2024-04-11T16:22:56","modified_gmt":"2024-04-11T16:22:56","slug":"career","status":"publish","type":"page","link":"https:\/\/immeublesavenir.ca\/fr\/career\/","title":{"rendered":"Career"},"content":{"rendered":"<div class=\"wpb-content-wrapper\"><p>[vc_row][vc_column]  <section class=\"dp-banner  wpb_animate_when_almost_visible wpb_fadeInUp fadeInUp dp-banner-style-2\" style=\"background-image:url(https:\/\/immeublesavenir.ca\/wp-content\/uploads\/2024\/02\/brooke-cagle-uHVRvDr7pg-unsplash-1-scaled.jpg)\">\r\n                      <div class=\"dp-banner-inner\">\r\n                        <div class=\"container\">\r\n                          <div class=\"dp-banner-inner-content\" style=\"max-width:760px\"><\/p>\n<h2>B\u00e2tissez votre <b>avenir:<\/b><br \/>\n<b>rejoignez <\/b> notre \u00e9quipe<\/h2>\n<p>Faites partie de notre \u00e9quipe dynamique et apportez vos talents au c\u00f4t\u00e9 de vos coll\u00e8gues pour faire aboutir nos projets.<\/p>\n<\/div><a class=\"dp-banner-next-btn\" href=\"#mission-passion\"><i class=\"invicon-arrow-down\"><\/i><\/a><\/div><div class=\"dp-banner-watermark\"><img loading=\"lazy\" decoding=\"async\" src=\"https:\/\/immeublesavenir.ca\/wp-content\/themes\/avenir\/images\/watermark-4.svg\" width=\"677\" height=\"163\"><\/div><\/div>\r\n                    <\/section>[\/vc_column][\/vc_row][vc_row equal_height=\u00a0\u00bbyes\u00a0\u00bb el_class=\u00a0\u00bbdp-common-sec dp-press-center-sec\u00a0\u00bb css=\u00a0\u00bb.vc_custom_1707416363533{padding-bottom: 0px !important;}\u00a0\u00bb el_id=\u00a0\u00bbmission-passion\u00a0\u00bb][vc_column el_class=\u00a0\u00bbcontainer\u00a0\u00bb]\r\n                <!--========================================\r\n                =            Image Text Section            =\r\n                =========================================-->\r\n                \r\n                <section class=\"dp-image-text-sec dp-common-sec  dp-img-text-align-left dp-careers-imgbox   wpb_animate_when_almost_visible wpb_fadeInUp fadeInUp\"><div class=\"container\">\r\n                    <div class=\"row \">\r\n                      <div class=\"col-lg-6 dp-image-text-img-col\">\r\n                        <div class=\"dp-image-text-img-wrap\">\r\n                          <div class=\"dp-image-text-img\" style=\"background-image:url(https:\/\/immeublesavenir.ca\/wp-content\/uploads\/2024\/01\/careers-1.jpg)\"><\/div>\r\n                        <\/div>\r\n                      <\/div>\r\n                      <div class=\"col-lg-6\">\r\n                        <div class=\"dp-image-text-block\">\r\n                          <h2>Une culture de travail dynamique<\/h2>\r\n                          <p>D\u00e9couvrez un lieu de travail unique, o\u00f9 la collaboration est plus qu&rsquo;un mot \u00e0 la mode : c&rsquo;est notre mode de vie. Au c\u0153ur de notre succ\u00e8s se trouve un environnement dynamique et inclusif qui c\u00e9l\u00e8bre la diversit\u00e9 et encourage chaque voix \u00e0 contribuer. Rejoignez-nous et faites partie d&rsquo;une communaut\u00e9 o\u00f9 la passion et l&rsquo;objectif s&rsquo;entrecroisent. Ensemble, nous construisons un avenir plac\u00e9 sous le signe de l&rsquo;excellence.<\/p>\n\r\n                          <div class=\"dp-sec-btns\">\r\n                            <a href=\"#current-opening\" class=\"btn btn-primary\"><span>Voir les offres d'emploi <i class=\"invicon-arrow-1-down\"><\/i><\/span><\/a>\r\n                          <\/div>\r\n                          \r\n                        <\/div>\r\n                      <\/div>\r\n                    <\/div>\r\n                  <\/div>\r\n                <\/section>\r\n                \r\n                <!--====  End of Image Text Section  ====-->\r\n                <!--========================================\r\n                =            Image Text Section            =\r\n                =========================================-->\r\n                \r\n                <section class=\"dp-image-text-sec dp-common-sec  dp-avenir-branding  dp-img-text-align-left dp-careers-imbox-2  dp-invert  wpb_animate_when_almost_visible wpb_fadeInUp fadeInUp\"><div class=\"dp-avenir-branding-logo\">\r\n                      <img decoding=\"async\" src=\"https:\/\/immeublesavenir.ca\/wp-content\/themes\/avenir\/images\/watermark-2.svg\" class=\"img-fluid\" alt=\"Avenir\">\r\n                    <\/div><div class=\"container\">\r\n                    <div class=\"row dp-row-invert \">\r\n                      <div class=\"col-lg-6 dp-image-text-img-col\">\r\n                        <div class=\"dp-image-text-img-wrap\">\r\n                          <div class=\"dp-image-text-img\" style=\"background-image:url(https:\/\/immeublesavenir.ca\/wp-content\/uploads\/2024\/01\/career-1.jpg)\"><\/div>\r\n                        <\/div>\r\n                      <\/div>\r\n                      <div class=\"col-lg-6\">\r\n                        <div class=\"dp-image-text-block\">\r\n                          <h2>Il y a une place pour vous ici<\/h2>\r\n                          <p>Diversit\u00e9 des talents. Des perspectives uniques. Des \u00e9quipes inclusives. Nous construisons un lieu de travail o\u00f9 chacun se sent \u00e0 sa place et a les moyens de s&rsquo;\u00e9panouir. L&rsquo;inclusion fait partie de notre ADN. Elle devient notre fa\u00e7on de travailler ensemble, de servir nos clients et de b\u00e2tir des communaut\u00e9s d&rsquo;un oc\u00e9an \u00e0 l&rsquo;autre.Nos collaborateurs s&rsquo;engagent dans cette voie et nous aident \u00e0 progresser chaque jour.Rejoignez-nous, car il y a une place pour vous ici.<\/p>\n\r\n                          <div class=\"dp-sec-btns\">\r\n                            <a href=\"#current-opening\" class=\"btn btn-primary\"><span>Voir les offres d'emploi <i class=\"invicon-arrow-1-down\"><\/i><\/span><\/a>\r\n                          <\/div>\r\n                          \r\n                        <\/div>\r\n                      <\/div>\r\n                    <\/div>\r\n                  <\/div>\r\n                <\/section>\r\n                \r\n                <!--====  End of Image Text Section  ====-->[\/vc_column][\/vc_row][vc_row equal_height=\u00a0\u00bbyes\u00a0\u00bb el_class=\u00a0\u00bbdp-common-sec dp-job-listing-sec\u00a0\u00bb css=\u00a0\u00bb.vc_custom_1707416153075{padding-top: 0px !important;}\u00a0\u00bb el_id=\u00a0\u00bbcurrent-opening\u00a0\u00bb][vc_column el_class=\u00a0\u00bbcontainer\u00a0\u00bb][vc_custom_heading text=\u00a0\u00bbOffres D&#8217;emploi\u00a0\u00bb font_container=\u00a0\u00bbtag:h2|text_align:center\u00a0\u00bb use_theme_fonts=\u00a0\u00bbyes\u00a0\u00bb css_animation=\u00a0\u00bbfadeInUp\u00a0\u00bb][vc_row_inner equal_height=\u00a0\u00bbyes\u00a0\u00bb][vc_column_inner offset=\u00a0\u00bbvc_col-md-6&Prime;] <!--==============================\r\n                  =            Job            =\r\n                  ===============================-->\r\n                \r\n                <div class=\"dp-job-opening-sec  wpb_animate_when_almost_visible wpb_fadeInUp fadeInUp\"><div class=\"dp-job-list-item\">\r\n                                          <a href=\"https:\/\/workforcenow.adp.com\/mascsr\/default\/mdf\/recruitment\/recruitment.html?cid=e717f7ad-060e-47e5-8451-be502a8b1e42&ccId=19000101_000001&lang=en_CA\"><strong>G\u00e9rant de site<\/strong><small>Grand Montr\u00e9al<\/small>\r\n                                          <span>Nous recherchons un(e) expert(e) en entreposage mobile \u00e0 travers le grand Montr\u00e9al.<\/span>\r\n                                          <\/a>\r\n                                        <\/div>\r\n                <\/div>\r\n                \r\n                <!--====  End of Job  ====-->[\/vc_column_inner][\/vc_row_inner][\/vc_column][\/vc_row]<\/p>\n<\/div>","protected":false},"excerpt":{"rendered":"<p>[vc_row][vc_column][\/vc_column][\/vc_row][vc_row equal_height=\u00a0\u00bbyes\u00a0\u00bb el_class=\u00a0\u00bbdp-common-sec dp-press-center-sec\u00a0\u00bb css=\u00a0\u00bb.vc_custom_1707416363533{padding-bottom: 0px !important;}\u00a0\u00bb el_id=\u00a0\u00bbmission-passion\u00a0\u00bb][vc_column el_class=\u00a0\u00bbcontainer\u00a0\u00bb][\/vc_column][\/vc_row][vc_row equal_height=\u00a0\u00bbyes\u00a0\u00bb el_class=\u00a0\u00bbdp-common-sec dp-job-listing-sec\u00a0\u00bb css=\u00a0\u00bb.vc_custom_1707416153075{padding-top: 0px !important;}\u00a0\u00bb el_id=\u00a0\u00bbcurrent-opening\u00a0\u00bb][vc_column el_class=\u00a0\u00bbcontainer\u00a0\u00bb][vc_custom_heading text=\u00a0\u00bbOffres D&#8217;emploi\u00a0\u00bb font_container=\u00a0\u00bbtag:h2|text_align:center\u00a0\u00bb use_theme_fonts=\u00a0\u00bbyes\u00a0\u00bb css_animation=\u00a0\u00bbfadeInUp\u00a0\u00bb][vc_row_inner equal_height=\u00a0\u00bbyes\u00a0\u00bb][vc_column_inner offset=\u00a0\u00bbvc_col-md-6&Prime;][\/vc_column_inner][\/vc_row_inner][\/vc_column][\/vc_row]<\/p>\n","protected":false},"author":1,"featured_media":0,"parent":0,"menu_order":0,"comment_status":"closed","ping_status":"closed","template":"","meta":{"_acf_changed":false,"footnotes":""},"class_list":["post-697","page","type-page","status-publish","hentry"],"acf":[],"_links":{"self":[{"href":"https:\/\/immeublesavenir.ca\/fr\/wp-json\/wp\/v2\/pages\/697","targetHints":{"allow":["GET"]}}],"collection":[{"href":"https:\/\/immeublesavenir.ca\/fr\/wp-json\/wp\/v2\/pages"}],"about":[{"href":"https:\/\/immeublesavenir.ca\/fr\/wp-json\/wp\/v2\/types\/page"}],"author":[{"embeddable":true,"href":"https:\/\/immeublesavenir.ca\/fr\/wp-json\/wp\/v2\/users\/1"}],"replies":[{"embeddable":true,"href":"https:\/\/immeublesavenir.ca\/fr\/wp-json\/wp\/v2\/comments?post=697"}],"version-history":[{"count":16,"href":"https:\/\/immeublesavenir.ca\/fr\/wp-json\/wp\/v2\/pages\/697\/revisions"}],"predecessor-version":[{"id":1114,"href":"https:\/\/immeublesavenir.ca\/fr\/wp-json\/wp\/v2\/pages\/697\/revisions\/1114"}],"wp:attachment":[{"href":"https:\/\/immeublesavenir.ca\/fr\/wp-json\/wp\/v2\/media?parent=697"}],"curies":[{"name":"wp","href":"https:\/\/api.w.org\/{rel}","templated":true}]}}