{"id":175,"date":"2022-10-24T17:26:42","date_gmt":"2022-10-24T17:26:42","guid":{"rendered":"https:\/\/avenir.dextel.net\/?page_id=175"},"modified":"2024-06-25T16:59:12","modified_gmt":"2024-06-25T16:59:12","slug":"a-propos-old","status":"publish","type":"page","link":"https:\/\/immeublesavenir.ca\/fr\/a-propos-old\/","title":{"rendered":"A Propos-old"},"content":{"rendered":"<div class=\"wpb-content-wrapper\"><p>[vc_row][vc_column]  <section class=\"dp-banner  wpb_animate_when_almost_visible wpb_fadeInUp fadeInUp dp-banner-style-2\" style=\"background-image:url(https:\/\/immeublesavenir.ca\/wp-content\/uploads\/2022\/10\/header-about-us-scaled1.jpg)\">\r\n                      <div class=\"dp-banner-inner\">\r\n                        <div class=\"container\">\r\n                          <div class=\"dp-banner-inner-content\" style=\"max-width:718px\"><\/p>\n<h2>Nous aspirons \u00e0 cr\u00e9er des espaces qui favorisent la croissance des gens et de leurs id\u00e9es.<\/h2>\n<p>Nous imaginons et b\u00e2tissons des espaces novateurs et \u00e9conomiques, favorisant l&rsquo;acc\u00e8s aux services locaux et supportant les entreprises et les entrepreneurs dans leur d\u00e9veloppement en leur proposant un environnement collaboratif, moderne et riche.<\/p>\n<\/div><a class=\"dp-banner-next-btn\" href=\"#mission-passion\"><i class=\"invicon-arrow-down\"><\/i><\/a><\/div><div class=\"dp-banner-watermark\"><img loading=\"lazy\" decoding=\"async\" src=\"https:\/\/immeublesavenir.ca\/wp-content\/themes\/avenir\/images\/watermark-4.svg\" width=\"677\" height=\"163\"><\/div><\/div>\r\n                    <\/section>[\/vc_column][\/vc_row][vc_row equal_height=\u00a0\u00bbyes\u00a0\u00bb el_class=\u00a0\u00bbdp-common-sec dp-intro-sec\u00a0\u00bb el_id=\u00a0\u00bbmission-passion\u00a0\u00bb][vc_column el_class=\u00a0\u00bbcontainer\u00a0\u00bb][vc_custom_heading text=\u00a0\u00bbDe passion \u00e0 mission\u00a0\u00bb font_container=\u00a0\u00bbtag:h2|text_align:center\u00a0\u00bb use_theme_fonts=\u00a0\u00bbyes\u00a0\u00bb css_animation=\u00a0\u00bbfadeInUp\u00a0\u00bb][vc_custom_heading text=\u00a0\u00bbConstruire une communaut\u00e9 d&rsquo;affaires moderne en investissant dans les personnes, la culture et en d\u00e9veloppant des espaces novateurs.\u00a0\u00bb font_container=\u00a0\u00bbtag:h4|text_align:center\u00a0\u00bb use_theme_fonts=\u00a0\u00bbyes\u00a0\u00bb css_animation=\u00a0\u00bbfadeInUp\u00a0\u00bb][vc_row_inner][vc_column_inner width=\u00a0\u00bb1\/2&Prime;][vc_column_text css_animation=\u00a0\u00bbfadeInUp\u00a0\u00bb]Avenir Immo est une soci\u00e9t\u00e9 immobili\u00e8re ax\u00e9e sur la communaut\u00e9. Nous croyons au d\u00e9veloppement de communaut\u00e9s qui r\u00e9sistent \u00e0 l&rsquo;\u00e9preuve du temps en investissant dans un design de qualit\u00e9, en misant sur l&rsquo;innovation et en priorisant les besoins de nos clients.[\/vc_column_text][\/vc_column_inner][vc_column_inner width=\u00a0\u00bb1\/2&Prime;][vc_column_text css_animation=\u00a0\u00bbfadeInUp\u00a0\u00bb]Nos propri\u00e9t\u00e9s servent leurs quartiers et les gens y travaillent. Soigneusement con\u00e7us pour combiner tendance et fonctionnalit\u00e9, nos espaces r\u00e9pondent aux besoins des entrepreneurs et de la communaut\u00e9.[\/vc_column_text][\/vc_column_inner][\/vc_row_inner][\/vc_column][\/vc_row][vc_row full_width=\u00a0\u00bbstretch_row_content_no_spaces\u00a0\u00bb][vc_column] <!--=====================================\r\n                  =            Values            =\r\n                  ======================================-->\r\n                  \r\n                  <section class=\"dp-common-sec dp-values-sec\">\r\n                    <div class=\"container\">\r\n                      <div class=\"dp-center-title\">\r\n                        <h2>Valeurs<\/h2>\r\n                        \r\n                      <\/div>\r\n                      <div class=\"dp-values-sec-inner\"><div class=\"dp-values\"><div class=\"dp-value\">\r\n                                              <h3>Authenticit\u00e9 et transparence<\/h3>                                            \r\n                                            <\/div><div class=\"dp-value\">\r\n                                              <h3>Cr\u00e9ativit\u00e9<\/h3>                                            \r\n                                            <\/div><div class=\"dp-value\">\r\n                                              <h3>L'humain<\/h3>                                            \r\n                                            <\/div><\/div><div class=\"dp-values\"><div class=\"dp-value\">\r\n                                              <h3>Cr\u00e9ativit\u00e9<\/h3>                                            \r\n                                            <\/div><div class=\"dp-value\">\r\n                                              <h3>Authenticit\u00e9 et transparence<\/h3>                                            \r\n                                            <\/div><div class=\"dp-value\">\r\n                                              <h3>L'humain<\/h3>                                            \r\n                                            <\/div><\/div> <\/div>\r\n                      \r\n                    <\/div>\r\n                  <\/section>\r\n                  \r\n                  <!--====  End of Values  ====-->\r\n\r\n                [\/vc_column][\/vc_row][vc_row equal_height=\u00a0\u00bbyes\u00a0\u00bb el_class=\u00a0\u00bbdp-common-sec dp-intro-sec dp-team-sec\u00a0\u00bb][vc_column el_class=\u00a0\u00bbcontainer\u00a0\u00bb][vc_custom_heading text=\u00a0\u00bbNotre \u00e9quipe\u00a0\u00bb font_container=\u00a0\u00bbtag:h2|text_align:center\u00a0\u00bb use_theme_fonts=\u00a0\u00bbyes\u00a0\u00bb css_animation=\u00a0\u00bbfadeInUp\u00a0\u00bb][vc_custom_heading text=\u00a0\u00bbNotre \u00e9quipe passionn\u00e9e et hautement qualifi\u00e9e est notre plus grande force et une source quotidienne de fiert\u00e9.\u00a0\u00bb font_container=\u00a0\u00bbtag:h4|text_align:center\u00a0\u00bb use_theme_fonts=\u00a0\u00bbyes\u00a0\u00bb css_animation=\u00a0\u00bbfadeInUp\u00a0\u00bb] <!--=====================================\n                  =                  Team                 =\n                  ======================================-->\n                  \n                      <div class=\"dp-team  wpb_animate_when_almost_visible wpb_fadeInUp fadeInUp dp-team-left\">\n                        <div class=\"row align-items-center\">\n                          <div class=\"col-md-5\">\n                            <div class=\"dp-team-img\"><img decoding=\"async\" src=\"https:\/\/immeublesavenir.ca\/wp-content\/uploads\/2022\/12\/Simon-Headshot02.jpg\" alt=\"Simon Berman\" class=\"img-fluid\" \/><\/div>\n                          <\/div>\n                          <div class=\"col-md-7\"><div class=\"dp-team-content\">\n                            <h4>Simon Berman<\/h4>\n                            <h5>CEO<\/h5>\n                            <p>Simon Berman, n\u00e9 et \u00e9lev\u00e9 \u00e0 Montr\u00e9al, poss\u00e8de pr\u00e8s de 20 ans d&rsquo;exp\u00e9rience dans le d\u00e9veloppement et l&rsquo;exploitation d&rsquo;installations d&rsquo;entreposage libre-service. Il devient le fondateur initial et associ\u00e9 directeur du Groupe Mini-Entreposage Montr\u00e9al (MMS) en ouvrant son premier emplacement en 2003, convertissant un b\u00e2timent industriel d\u00e9suet en un centre d&rsquo;entreposage libre-service enti\u00e8rement op\u00e9rationnel.<\/p>\n<ul class=\"dp-social-icons-1\"><li><a href=\"\/\/linkedin.com\/in\/montrealministorage\" target=\"_blank\"><i class=\"invicon-linkedin\"><\/i><\/a><\/li><\/ul>\n                          <\/div>\n                          <\/div>\n                        <\/div>                        \n                      <\/div>\n                  <!--====  End of Team  ====-->\n\n                [\/vc_column][\/vc_row][vc_row el_class=\u00a0\u00bbdp-management-sec dp-common-sec\u00a0\u00bb][vc_column][vc_custom_heading text=\u00a0\u00bbLa direction\u00a0\u00bb font_container=\u00a0\u00bbtag:h2|text_align:center\u00a0\u00bb use_theme_fonts=\u00a0\u00bbyes\u00a0\u00bb css_animation=\u00a0\u00bbfadeInUp\u00a0\u00bb] <!--==============================\r\n                  =            Management            =\r\n                  ===============================-->\r\n                \r\n                <section class=\"dp-management  wpb_animate_when_almost_visible wpb_fadeInUp fadeInUp\" data-type=\"slider\" data-duration=\"4000\">\r\n                  <div class=\"container\">                    \r\n                    <div class=\"dp-management-slider-box\">\r\n                      <div class=\"dp-management-slider-nav slick-slider\"><\/div>\r\n                      <div class=\"dp-management-slider-wrap\">\r\n                        <div class=\"dp-management-slider\" data-type=\"slider\"><div class=\"dp-management-slide\" data-gender=\"male\">          \r\n                                          <div class=\"dp-management-block\">\r\n                                            <div class=\"dp-management-block-img\">\r\n                                              <div class=\"dp-management-block-img-el\"><img decoding=\"async\" src=\"https:\/\/immeublesavenir.ca\/wp-content\/uploads\/2023\/10\/Ryan-Sanft.png\" class=\"img-fluid\"><\/div>\r\n                                              <div class=\"dp-management-block-caption\">\r\n                                                <div class=\"dp-management-title-block\">\r\n                                                  <div class=\"dp-manage-ment-title-inner\">\r\n                                                  <h4>RYAN SANFT<\/h4>\r\n                                                  <h5>DIRECTEUR DES AFFAIRES JURIDIQUES<\/h5>\r\n                                                  <\/div>\r\n                                                  <div class=\"dp-management-block-social\"><a href=\"\/\/linkedin.com\/in\/ryansanft\" target=\"_blank\"><i class=\"invicon-linkedin\"><\/i><\/a><\/div>\r\n                                                <\/div>                                                \r\n                                                <div class=\"dp-management-block-desc\">Ryan est un professionnel du droit chevronn\u00e9, titulaire d'un B.Sc., d'un LL.B. et d'un J.D. Depuis son admission au Barreau du Qu\u00e9bec en 2015 et au Barreau de l'Ontario en 2021, il a accumul\u00e9 une vaste exp\u00e9rience dans diverses facettes du domaine juridique.\n\nSa carri\u00e8re englobe un large \u00e9ventail de travaux juridiques, allant de la gestion d'un cabinet priv\u00e9 prosp\u00e8re \u00e0 la fonction de conseiller juridique interne d'une prestigieuse marque de mode de luxe. Outre son expertise juridique, Ryan a d\u00e9montr\u00e9 son engagement envers la communaut\u00e9 et son leadership. Il continue de mettre ses comp\u00e9tences au service de nombreux conseils et comit\u00e9s au sein de diverses organisations.\n\nEn tant que directeur des affaires juridiques d'Avenir, Ryan dirige les activit\u00e9s juridiques de l'entreprise, mettant \u00e0 profit ses connaissances et son exp\u00e9rience pour naviguer dans le paysage juridique des activit\u00e9s et des opportunit\u00e9s d'Avenir.<\/div>                                                \r\n                                                <div class=\"dp-management-block-plus\"><a href=\"#\" class=\"dp-plus-more-btn\">View More<\/a><\/div>\r\n                                              <\/div>\r\n                                            <\/div>                                            \r\n                                          <\/div>          \r\n                                        <\/div><div class=\"dp-management-slide\" data-gender=\"male\">          \r\n                                          <div class=\"dp-management-block\">\r\n                                            <div class=\"dp-management-block-img\">\r\n                                              <div class=\"dp-management-block-img-el\"><img decoding=\"async\" src=\"https:\/\/immeublesavenir.ca\/wp-content\/uploads\/2022\/11\/Team-Andrea.jpg\" class=\"img-fluid\"><\/div>\r\n                                              <div class=\"dp-management-block-caption\">\r\n                                                <div class=\"dp-management-title-block\">\r\n                                                  <div class=\"dp-manage-ment-title-inner\">\r\n                                                  <h4>ANDREA LAFRECHOUX<\/h4>\r\n                                                  <h5>DIRECTRICE DES ACQUISITIONS<\/h5>\r\n                                                  <\/div>\r\n                                                  <div class=\"dp-management-block-social\"><a href=\"\/\/linkedin.com\/in\/andrea-lafrechoux-74ab7768\" target=\"_blank\"><i class=\"invicon-linkedin\"><\/i><\/a><\/div>\r\n                                                <\/div>                                                \r\n                                                <div class=\"dp-management-block-desc\">Avec plus de 13 ans d'exp\u00e9rience dans le secteur du libre-entreposage, Andrea a travaill\u00e9 avec de nombreux leaders du secteur dans un environnement au rythme rapide et ax\u00e9 sur l'innovation. En g\u00e9rant les acquisitions, les op\u00e9rations et le d\u00e9veloppement, Andrea a accumul\u00e9 une gamme diversifi\u00e9e de connaissances sur le march\u00e9. Gr\u00e2ce \u00e0 son exp\u00e9rience, elle vise \u00e0 faire cro\u00eetre le portefeuille de MMS pour devenir la plus grande entreprise de libre-entreposage au Qu\u00e9bec.<\/div>                                                \r\n                                                <div class=\"dp-management-block-plus\"><a href=\"#\" class=\"dp-plus-more-btn\">View More<\/a><\/div>\r\n                                              <\/div>\r\n                                            <\/div>                                            \r\n                                          <\/div>          \r\n                                        <\/div><div class=\"dp-management-slide\" data-gender=\"male\">          \r\n                                          <div class=\"dp-management-block\">\r\n                                            <div class=\"dp-management-block-img\">\r\n                                              <div class=\"dp-management-block-img-el\"><img decoding=\"async\" src=\"https:\/\/immeublesavenir.ca\/wp-content\/uploads\/2022\/11\/Team-Charles-Edwin.jpg\" class=\"img-fluid\"><\/div>\r\n                                              <div class=\"dp-management-block-caption\">\r\n                                                <div class=\"dp-management-title-block\">\r\n                                                  <div class=\"dp-manage-ment-title-inner\">\r\n                                                  <h4>CHARLES-EDWIN TRANCHANT<\/h4>\r\n                                                  <h5>DIRECTEUR DE LA CONSTRUCTION<\/h5>\r\n                                                  <\/div>\r\n                                                  <div class=\"dp-management-block-social\"><a href=\"\/\/linkedin.com\/in\/charles-edwin-tranchant-30180350\" target=\"_blank\"><i class=\"invicon-linkedin\"><\/i><\/a><\/div>\r\n                                                <\/div>                                                \r\n                                                <div class=\"dp-management-block-desc\">Avec plus de 15 ans d'exp\u00e9rience dans la gestion et le d\u00e9veloppement de la construction, Charles conna\u00eet bien tous les aspects des phases de construction : pr\u00e9-d\u00e9veloppement, conception, construction et gestion des b\u00e2timents apr\u00e8s livraison. Gr\u00e2ce \u00e0 ses solides comp\u00e9tences techniques et \u00e0 sa vaste exp\u00e9rience des projets industriels, commerciaux et institutionnels, il se concentre sur quatre axes essentiels pour tous les projets : le budget, le calendrier, la qualit\u00e9 et la s\u00e9curit\u00e9. Charles supervise son \u00e9quipe de gestionnaires de projets et tous les besoins de MMS en mati\u00e8re de nouvelles constructions, de transformation et de projets d'entretien.<\/div>                                                \r\n                                                <div class=\"dp-management-block-plus\"><a href=\"#\" class=\"dp-plus-more-btn\">View More<\/a><\/div>\r\n                                              <\/div>\r\n                                            <\/div>                                            \r\n                                          <\/div>          \r\n                                        <\/div><div class=\"dp-management-slide\" data-gender=\"male\">          \r\n                                          <div class=\"dp-management-block\">\r\n                                            <div class=\"dp-management-block-img\">\r\n                                              <div class=\"dp-management-block-img-el\"><img decoding=\"async\" src=\"https:\/\/immeublesavenir.ca\/wp-content\/uploads\/2022\/11\/Team-Harry-Court.jpg\" class=\"img-fluid\"><\/div>\r\n                                              <div class=\"dp-management-block-caption\">\r\n                                                <div class=\"dp-management-title-block\">\r\n                                                  <div class=\"dp-manage-ment-title-inner\">\r\n                                                  <h4>HARRY COURT<\/h4>\r\n                                                  <h5>DIRECTEUR MARKETING<\/h5>\r\n                                                  <\/div>\r\n                                                  <div class=\"dp-management-block-social\"><a href=\"\/\/linkedin.com\/in\/harrycourtmarketingbi\" target=\"_blank\"><i class=\"invicon-linkedin\"><\/i><\/a><\/div>\r\n                                                <\/div>                                                \r\n                                                <div class=\"dp-management-block-desc\">Harry a plus de 15 ans d'exp\u00e9rience en marketing et en intelligence d'affaires. Il se sp\u00e9cialise dans la g\u00e9n\u00e9ration de prospects, la gestion des revenus et l'analyse marketing. Alors qu'il travaillait pour la plus grande entreprise d'immobilier r\u00e9sidentiel du Canada, il a contribu\u00e9 \u00e0 la mise en place de processus de d\u00e9cisions fond\u00e9es sur les donn\u00e9es et au d\u00e9veloppement d'une solution personnalis\u00e9e de gestion du rendement. Il a travaill\u00e9 dans des domaines tr\u00e8s vari\u00e9s, tels que les nouvelles technologies, le B2B, la gestion de la cha\u00eene d'approvisionnement, l'immobilier et la collecte de fonds.<\/div>                                                \r\n                                                <div class=\"dp-management-block-plus\"><a href=\"#\" class=\"dp-plus-more-btn\">View More<\/a><\/div>\r\n                                              <\/div>\r\n                                            <\/div>                                            \r\n                                          <\/div>          \r\n                                        <\/div><div class=\"dp-management-slide\" data-gender=\"male\">          \r\n                                          <div class=\"dp-management-block\">\r\n                                            <div class=\"dp-management-block-img\">\r\n                                              <div class=\"dp-management-block-img-el\"><img decoding=\"async\" src=\"https:\/\/immeublesavenir.ca\/wp-content\/uploads\/2022\/11\/Team-Margaux-Chetrit.jpg\" class=\"img-fluid\"><\/div>\r\n                                              <div class=\"dp-management-block-caption\">\r\n                                                <div class=\"dp-management-title-block\">\r\n                                                  <div class=\"dp-manage-ment-title-inner\">\r\n                                                  <h4>MARGAUX CH\u00c9TRIT<\/h4>\r\n                                                  <h5>GESTIONNAIRE RELATIONS PRESSE<\/h5>\r\n                                                  <\/div>\r\n                                                  <div class=\"dp-management-block-social\"><a href=\"\/\/linkedin.com\/in\/margaux-chetrit-73816015\" target=\"_blank\"><i class=\"invicon-linkedin\"><\/i><\/a><\/div>\r\n                                                <\/div>                                                \r\n                                                <div class=\"dp-management-block-desc\">Margaux Chetrit a rejoint Avenir en 2021 en tant que directrice du d\u00e9veloppement commercial et des affaires publiques. Depuis qu'elle a rejoint le groupe, elle a dirig\u00e9 Clickspace, un projet innovant con\u00e7u pour soutenir la reprise \u00e9conomique et la croissance au c\u0153ur de la communaut\u00e9 du commerce \u00e9lectronique de Montr\u00e9al.\nMargaux a mis l'accent sur l'impact, la strat\u00e9gie et les partenariats tout au long de sa carri\u00e8re au sein du gouvernement, des entreprises et des soins de sant\u00e9, et elle continue de le faire dans son r\u00f4le au sein de l'organisation.\nMargaux Chetrit est titulaire d'un baccalaur\u00e9at de l'Universit\u00e9 McGill et d'une ma\u00eetrise de l'Universit\u00e9 h\u00e9bra\u00efque de J\u00e9rusalem. Elle est une fervente partisane de l'engagement civique et a jou\u00e9 un r\u00f4le essentiel dans de nombreux projets caritatifs et publics, notamment en si\u00e9geant au conseil d'administration d'institutions universitaires et culturelles.\nElle a donn\u00e9 des conf\u00e9rences et \u00e9crit de nombreux articles sur la construction de ponts entre les nations, les droits de l'homme et les arts, et continue \u00e0 consacrer son temps et son \u00e9nergie \u00e0 ces causes.<\/div>                                                \r\n                                                <div class=\"dp-management-block-plus\"><a href=\"#\" class=\"dp-plus-more-btn\">View More<\/a><\/div>\r\n                                              <\/div>\r\n                                            <\/div>                                            \r\n                                          <\/div>          \r\n                                        <\/div><div class=\"dp-management-slide\" data-gender=\"male\">          \r\n                                          <div class=\"dp-management-block\">\r\n                                            <div class=\"dp-management-block-img\">\r\n                                              <div class=\"dp-management-block-img-el\"><img decoding=\"async\" src=\"https:\/\/immeublesavenir.ca\/wp-content\/uploads\/2022\/11\/Team-Igor.jpg\" class=\"img-fluid\"><\/div>\r\n                                              <div class=\"dp-management-block-caption\">\r\n                                                <div class=\"dp-management-title-block\">\r\n                                                  <div class=\"dp-manage-ment-title-inner\">\r\n                                                  <h4>IGOR BERNADSKI<\/h4>\r\n                                                  <h5>CFO<\/h5>\r\n                                                  <\/div>\r\n                                                  <div class=\"dp-management-block-social\"><a href=\"\/\/linkedin.com\/in\/igorbernadski\" target=\"_blank\"><i class=\"invicon-linkedin\"><\/i><\/a><\/div>\r\n                                                <\/div>                                                \r\n                                                <div class=\"dp-management-block-desc\">CPA, CA avec plus de 15 ans d'exp\u00e9rience, notamment en comptabilit\u00e9 publique chez Ernst & Young ; Richter US Consulting se concentrant sur les transactions, les fusions et acquisitions et les restructurations. Igor a occup\u00e9 le poste de vice-pr\u00e9sident des finances pendant cinq ans au sein du plus grand pr\u00eateur aux PME du Canada, et a men\u00e9 \u00e0 bien une sortie r\u00e9ussie tout en supervisant les finances, la comptabilit\u00e9 et les op\u00e9rations. Igor dirige les fonctions de finance, de comptabilit\u00e9 et d'analyse des donn\u00e9es chez MMS et joue un r\u00f4le cl\u00e9 dans l'am\u00e9lioration de sa strat\u00e9gie de capital.<\/div>                                                \r\n                                                <div class=\"dp-management-block-plus\"><a href=\"#\" class=\"dp-plus-more-btn\">View More<\/a><\/div>\r\n                                              <\/div>\r\n                                            <\/div>                                            \r\n                                          <\/div>          \r\n                                        <\/div><\/div>\r\n                      <\/div>\r\n                    <\/div>\r\n                  <\/div>\r\n                <\/section>\r\n                \r\n                <!--====  End of Management  ====-->[\/vc_column][\/vc_row]<\/p>\n<\/div>","protected":false},"excerpt":{"rendered":"<p>[vc_row][vc_column][\/vc_column][\/vc_row][vc_row equal_height=\u00a0\u00bbyes\u00a0\u00bb el_class=\u00a0\u00bbdp-common-sec dp-intro-sec\u00a0\u00bb el_id=\u00a0\u00bbmission-passion\u00a0\u00bb][vc_column el_class=\u00a0\u00bbcontainer\u00a0\u00bb][vc_custom_heading text=\u00a0\u00bbDe passion \u00e0 mission\u00a0\u00bb font_container=\u00a0\u00bbtag:h2|text_align:center\u00a0\u00bb use_theme_fonts=\u00a0\u00bbyes\u00a0\u00bb css_animation=\u00a0\u00bbfadeInUp\u00a0\u00bb][vc_custom_heading text=\u00a0\u00bbConstruire une communaut\u00e9 d&rsquo;affaires moderne en investissant dans les personnes, la culture et en d\u00e9veloppant des espaces novateurs.\u00a0\u00bb font_container=\u00a0\u00bbtag:h4|text_align:center\u00a0\u00bb use_theme_fonts=\u00a0\u00bbyes\u00a0\u00bb css_animation=\u00a0\u00bbfadeInUp\u00a0\u00bb][vc_row_inner][vc_column_inner width=\u00a0\u00bb1\/2&Prime;][vc_column_text css_animation=\u00a0\u00bbfadeInUp\u00a0\u00bb]Avenir Immo est une soci\u00e9t\u00e9 immobili\u00e8re ax\u00e9e sur la communaut\u00e9. Nous croyons au d\u00e9veloppement de communaut\u00e9s qui r\u00e9sistent \u00e0 l&rsquo;\u00e9preuve [&hellip;]<\/p>\n","protected":false},"author":1,"featured_media":0,"parent":0,"menu_order":0,"comment_status":"closed","ping_status":"closed","template":"","meta":{"_acf_changed":false,"footnotes":""},"class_list":["post-175","page","type-page","status-publish","hentry"],"acf":[],"_links":{"self":[{"href":"https:\/\/immeublesavenir.ca\/fr\/wp-json\/wp\/v2\/pages\/175","targetHints":{"allow":["GET"]}}],"collection":[{"href":"https:\/\/immeublesavenir.ca\/fr\/wp-json\/wp\/v2\/pages"}],"about":[{"href":"https:\/\/immeublesavenir.ca\/fr\/wp-json\/wp\/v2\/types\/page"}],"author":[{"embeddable":true,"href":"https:\/\/immeublesavenir.ca\/fr\/wp-json\/wp\/v2\/users\/1"}],"replies":[{"embeddable":true,"href":"https:\/\/immeublesavenir.ca\/fr\/wp-json\/wp\/v2\/comments?post=175"}],"version-history":[{"count":16,"href":"https:\/\/immeublesavenir.ca\/fr\/wp-json\/wp\/v2\/pages\/175\/revisions"}],"predecessor-version":[{"id":1330,"href":"https:\/\/immeublesavenir.ca\/fr\/wp-json\/wp\/v2\/pages\/175\/revisions\/1330"}],"wp:attachment":[{"href":"https:\/\/immeublesavenir.ca\/fr\/wp-json\/wp\/v2\/media?parent=175"}],"curies":[{"name":"wp","href":"https:\/\/api.w.org\/{rel}","templated":true}]}}