{"id":17227,"date":"2026-04-02T10:57:56","date_gmt":"2026-04-02T10:57:56","guid":{"rendered":"https:\/\/immeublesavenir.ca\/?page_id=17227"},"modified":"2026-04-02T10:59:27","modified_gmt":"2026-04-02T10:59:27","slug":"nouveaux-projets","status":"publish","type":"page","link":"https:\/\/immeublesavenir.ca\/fr\/nouveaux-projets\/","title":{"rendered":"Nouveaux Projets"},"content":{"rendered":"<div class=\"wpb-content-wrapper\"><p>[vc_row][vc_column]  <section class=\"dp-banner  wpb_animate_when_almost_visible wpb_fadeInUp fadeInUp dp-banner-style-2\" style=\"background-image:url(https:\/\/immeublesavenir.ca\/wp-content\/uploads\/2026\/04\/christopher-burns-8KfCR12oeUM-unsplash-1-1.png)\">\r\n                      <div class=\"dp-banner-inner\">\r\n                        <div class=\"container\">\r\n                          <div class=\"dp-banner-inner-content\" style=\"max-width:718px\"><\/p>\n<h2><b>Nouveaux<\/b> PROJECTS<\/h2>\n<p>Explorez avec nous les derni\u00e8res innovations en mati\u00e8re de gestion immobili\u00e8re et d\u00e9couvrez notre parcours et nos r\u00e9ussites.<\/p>\n<\/div><a class=\"dp-banner-next-btn\" href=\"#mission-passion\"><i class=\"invicon-arrow-down\"><\/i><\/a><\/div><div class=\"dp-banner-watermark\"><img loading=\"lazy\" decoding=\"async\" src=\"https:\/\/immeublesavenir.ca\/wp-content\/themes\/avenir\/images\/watermark-4.svg\" width=\"677\" height=\"163\"><\/div><\/div>\r\n                    <\/section>[\/vc_column][\/vc_row][vc_row][vc_column css=\u00a0\u00bb.vc_custom_1775126343843{padding-bottom: 300px !important;}\u00a0\u00bb] <!--=====================================\n                    =            Accomplishments            =\n                    ======================================-->\n                    \n                    <section class=\"dp-map-sec\">\n                        <div id=\"dp_gmap_193\" style=\"height:90vh; max-height:1000px;\"><\/div><div class=\"dp-counter-sec-inner\">\n                        \n                        \n                        <\/div>\n                    <\/section>\n                    <script type=\"text\/javascript\">\n                    console.log(\"test\");  \n                    <\/script>\n                    \n                    <!--====  End of Accomplishments  ====-->\n\n                    [\/vc_column][\/vc_row]<\/p>\n<\/div>","protected":false},"excerpt":{"rendered":"<p>[vc_row][vc_column][\/vc_column][\/vc_row][vc_row][vc_column css=\u00a0\u00bb.vc_custom_1775126343843{padding-bottom: 300px !important;}\u00a0\u00bb][\/vc_column][\/vc_row]<\/p>\n","protected":false},"author":1,"featured_media":0,"parent":0,"menu_order":0,"comment_status":"closed","ping_status":"closed","template":"","meta":{"_acf_changed":false,"footnotes":""},"class_list":["post-17227","page","type-page","status-publish","hentry"],"acf":[],"_links":{"self":[{"href":"https:\/\/immeublesavenir.ca\/fr\/wp-json\/wp\/v2\/pages\/17227","targetHints":{"allow":["GET"]}}],"collection":[{"href":"https:\/\/immeublesavenir.ca\/fr\/wp-json\/wp\/v2\/pages"}],"about":[{"href":"https:\/\/immeublesavenir.ca\/fr\/wp-json\/wp\/v2\/types\/page"}],"author":[{"embeddable":true,"href":"https:\/\/immeublesavenir.ca\/fr\/wp-json\/wp\/v2\/users\/1"}],"replies":[{"embeddable":true,"href":"https:\/\/immeublesavenir.ca\/fr\/wp-json\/wp\/v2\/comments?post=17227"}],"version-history":[{"count":3,"href":"https:\/\/immeublesavenir.ca\/fr\/wp-json\/wp\/v2\/pages\/17227\/revisions"}],"predecessor-version":[{"id":17232,"href":"https:\/\/immeublesavenir.ca\/fr\/wp-json\/wp\/v2\/pages\/17227\/revisions\/17232"}],"wp:attachment":[{"href":"https:\/\/immeublesavenir.ca\/fr\/wp-json\/wp\/v2\/media?parent=17227"}],"curies":[{"name":"wp","href":"https:\/\/api.w.org\/{rel}","templated":true}]}}