{"id":152,"date":"2022-10-18T06:36:46","date_gmt":"2022-10-18T06:36:46","guid":{"rendered":"https:\/\/avenir.dextel.net\/?page_id=152"},"modified":"2026-03-31T17:18:38","modified_gmt":"2026-03-31T17:18:38","slug":"home","status":"publish","type":"page","link":"https:\/\/immeublesavenir.ca\/fr\/","title":{"rendered":"Accueil"},"content":{"rendered":"<div class=\"wpb-content-wrapper\"><p>[vc_row][vc_column]  <section class=\"dp-banner  wpb_animate_when_almost_visible wpb_fadeInUp fadeInUp dp-banner-style-1\" style=\"background-image:url(https:\/\/immeublesavenir.ca\/wp-content\/uploads\/2022\/10\/banner-bg-scaled.jpg)\">\r\n                      <div class=\"dp-banner-inner\">\r\n                        <div class=\"container\">\r\n                          <div class=\"dp-banner-inner-content\" ><\/p>\n<h2>Nous connectons, inspirons et <b>cr\u00e9ons un impact<\/b> en coh\u00e9sion avec l&rsquo;espace et la culture.<\/h2>\n<p>\n<\/div><a class=\"dp-banner-next-btn\" href=\"#mission-passion\"><i class=\"invicon-arrow-down\"><\/i><\/a><\/div><div class=\"dp-banner-watermark\"><img decoding=\"async\" src=\"https:\/\/immeublesavenir.ca\/wp-content\/themes\/avenir\/images\/watermark-1.svg\" width=\"868\"><\/div><\/div>\r\n                    <\/section> <!--==============================\n                =            Projects            =\n                ===============================-->\n                \n                <section class=\"dp-projects dp-projects-style-1  wpb_animate_when_almost_visible wpb_fadeInUp fadeInUp \" data-duration=\"6000\">\n                  <div class=\"container\">\n                    <h4>Projets<\/h4>\n                    <div class=\"dp-projects-slider-box\">\n                      <div class=\"dp-projects-slider-nav slick-slider\"><\/div>\n                      <div class=\"dp-projects-slider-wrap\">\n                        <div class=\"dp-projects-slider\"><div class=\"dp-projects-slide\">          \n                                          <a href=\"#\" target=\"_blank\" class=\"dp-project-block\">\n                                            <span class=\"dp-project-block-img\">\n                                              <img decoding=\"async\" src=\"https:\/\/immeublesavenir.ca\/wp-content\/uploads\/2023\/06\/img-9200.png\" class=\"img-fluid\">\n                                              <span class=\"dp-project-block-caption\">\n                                                <strong>2021-2026. Apr\u00e8s avoir acquis ce bien industriel en difficult\u00e9 et pratiquement inoccup\u00e9, Avenir a transform\u00e9 cet espace d'environ 16 722 m\u00b2 en un espace industriel polyvalent, moderne et fonctionnel. 9200 Meilleur peut vous fournir l\u2019espace commercial id\u00e9al pour vous aider \u00e0 atteindre vos objectifs.<\/strong>\n                                                <small>View Website <i class=\"invicon-link\"><\/i><\/small>\n                                              <\/span>\n                                            <\/span>\n                                            <span class=\"dp-project-block-logo\">\n                                              <img decoding=\"async\" src=\"https:\/\/immeublesavenir.ca\/wp-content\/uploads\/2023\/06\/image-21.png\" class=\"img-fluid\">\n                                            <\/span>\n                                            \n                                          <\/a>          \n                                        <\/div><div class=\"dp-projects-slide\">          \n                                          <a href=\"https:\/\/clickspace.ca\/\" target=\"_blank\" class=\"dp-project-block\">\n                                            <span class=\"dp-project-block-img\">\n                                              <img decoding=\"async\" src=\"https:\/\/immeublesavenir.ca\/wp-content\/uploads\/2022\/11\/Clickspace_Banner.jpg\" class=\"img-fluid\">\n                                              <span class=\"dp-project-block-caption\">\n                                                <strong>D\u00e9couvrez notre espace de travail collaboratif o\u00f9 sont offerts des services cl\u00e9 en main de gestion optimis\u00e9e des commandes de m\u00eame qu\u2019un acc\u00e8s privil\u00e9gi\u00e9 aux connaissances et \u00e0 l\u2019expertise de nos partenaires de renomm\u00e9e internationale.<\/strong>\n                                                <small>Voir le site Web <i class=\"invicon-link\"><\/i><\/small>\n                                              <\/span>\n                                            <\/span>\n                                            <span class=\"dp-project-block-logo\">\n                                              <img decoding=\"async\" src=\"https:\/\/immeublesavenir.ca\/wp-content\/uploads\/2022\/11\/clickspace_logo.png\" class=\"img-fluid\">\n                                            <\/span>\n                                            \n                                          <\/a>          \n                                        <\/div><div class=\"dp-projects-slide\">          \n                                          <a href=\"https:\/\/hivemtl.com\/\" target=\"_blank\" class=\"dp-project-block\">\n                                            <span class=\"dp-project-block-img\">\n                                              <img decoding=\"async\" src=\"https:\/\/immeublesavenir.ca\/wp-content\/uploads\/2022\/11\/Hive_banner.jpg\" class=\"img-fluid\">\n                                              <span class=\"dp-project-block-caption\">\n                                                <strong>HIVE cherche \u00e0 inventer la location commerciale de demain. Vous y trouverez des bureaux am\u00e9nag\u00e9s selon vos besoins et con\u00e7us pour cro\u00eetre avec vous.<\/strong>\n                                                <small>Voir le site Web <i class=\"invicon-link\"><\/i><\/small>\n                                              <\/span>\n                                            <\/span>\n                                            <span class=\"dp-project-block-logo\">\n                                              <img decoding=\"async\" src=\"https:\/\/immeublesavenir.ca\/wp-content\/uploads\/2022\/11\/hive_logo.png\" class=\"img-fluid\">\n                                            <\/span>\n                                            \n                                          <\/a>          \n                                        <\/div><div class=\"dp-projects-slide\">          \n                                          <a href=\"https:\/\/immeublesavenir.ca\/fr\/devenir\/\" target=\"_blank\" class=\"dp-project-block\">\n                                            <span class=\"dp-project-block-img\">\n                                              <img decoding=\"async\" src=\"https:\/\/immeublesavenir.ca\/wp-content\/uploads\/2024\/04\/Devenir-5.jpg\" class=\"img-fluid\">\n                                              <span class=\"dp-project-block-caption\">\n                                                <strong>Devenir Construction est un entrepreneur g\u00e9n\u00e9ral de premier plan qui offre une expertise diversifi\u00e9e en mati\u00e8re de d\u00e9veloppement, de budg\u00e9tisation et de gestion de projets de construction.<\/strong>\n                                                <small>Voir le site Web <i class=\"invicon-link\"><\/i><\/small>\n                                              <\/span>\n                                            <\/span>\n                                            <span class=\"dp-project-block-logo\">\n                                              <img decoding=\"async\" src=\"https:\/\/immeublesavenir.ca\/wp-content\/uploads\/2024\/04\/Devenir-final-logo-e1712326261678.png\" class=\"img-fluid\">\n                                            <\/span>\n                                            \n                                          <\/a>          \n                                        <\/div><div class=\"dp-projects-slide\">          \n                                          <a href=\"https:\/\/www.1chabanel.com\/\" target=\"_blank\" class=\"dp-project-block\">\n                                            <span class=\"dp-project-block-img\">\n                                              <img decoding=\"async\" src=\"https:\/\/immeublesavenir.ca\/wp-content\/uploads\/2026\/03\/1chabanel.png\" class=\"img-fluid\">\n                                              <span class=\"dp-project-block-caption\">\n                                                <strong>Immeuble de bureaux de type loft enti\u00e8rement r\u00e9nov\u00e9, offrant des commodit\u00e9s modernes et un design contemporain. Hall d\u2019entr\u00e9e de style new-yorkais avec bar \u00e0 espresso, terrasse sur le toit et skylounge.<\/strong>\n                                                <small>Voir le site Web <i class=\"invicon-link\"><\/i><\/small>\n                                              <\/span>\n                                            <\/span>\n                                            <span class=\"dp-project-block-logo\">\n                                              <img decoding=\"async\" src=\"https:\/\/immeublesavenir.ca\/wp-content\/uploads\/2022\/11\/1-chabanel-logo-red.jpg\" class=\"img-fluid\">\n                                            <\/span>\n                                            \n                                          <\/a>          \n                                        <\/div><\/div>\n                      <\/div>\n                    <\/div>\n                  <\/div>\n                <\/section>\n                \n                <!--====  End of Projects  ====-->\r\n                <!--========================================\r\n                =            Image Text Section            =\r\n                =========================================-->\r\n                \r\n                <section class=\"dp-image-text-sec dp-common-sec  dp-img-text-align-left    wpb_animate_when_almost_visible wpb_fadeInUp fadeInUp\"><div class=\"container\">\r\n                    <div class=\"row \">\r\n                      <div class=\"col-lg-6 dp-image-text-img-col\">\r\n                        <div class=\"dp-image-text-img-wrap\">\r\n                          <div class=\"dp-image-text-img\" style=\"background-image:url(https:\/\/immeublesavenir.ca\/wp-content\/uploads\/2022\/10\/vision.jpg)\"><\/div>\r\n                        <\/div>\r\n                      <\/div>\r\n                      <div class=\"col-lg-6\">\r\n                        <div class=\"dp-image-text-block\">\r\n                          <h2>Vision<\/h2>\r\n                          <p>Nous saisissons le potentiel de l&rsquo;espace, des gens et des quartiers pour favoriser la croissance de nos \u00e9quipes avec les entreprises et communaut\u00e9s avoisinantes.<\/p>\n\r\n                          <div class=\"dp-sec-btns\">\r\n                            <a href=\"\/fr\/a-propos\" class=\"btn btn-primary\"><span>EN SAVOIR PLUS <i class=\"invicon-arrow-1-right\"><\/i><\/span><\/a>\r\n                          <\/div>\r\n                          \r\n                        <\/div>\r\n                      <\/div>\r\n                    <\/div>\r\n                  <\/div>\r\n                <\/section>\r\n                \r\n                <!--====  End of Image Text Section  ====--> <!--=====================================\r\n                  =            Accomplishments            =\r\n                  ======================================-->\r\n                  \r\n                  <section class=\"dp-common-sec dp-counter-sec  wpb_animate_when_almost_visible wpb_fadeInUp fadeInUp\">\r\n                    <div class=\"container\">\r\n                      <div class=\"dp-center-title\">\r\n                        <h2>Nos accomplissements<\/h2>\r\n                        \r\n                      <\/div>\r\n                      <div class=\"dp-counter-sec-inner\">\r\n                        <div class=\"row\"><div class=\"col-lg-3 col-6\">\r\n                                          <div class=\"dp-counter\">\r\n                                            <h3><span class=\"dp-counter-amt\">1<\/span><\/h3>\r\n                                            <p>\u00e9quipe pleinement int\u00e9gr\u00e9e<\/p>\r\n                                          <\/div>\r\n                                        <\/div><div class=\"col-lg-3 col-6\">\r\n                                          <div class=\"dp-counter\">\r\n                                            <h3><span class=\"dp-counter-amt\">35<\/span><\/h3>\r\n                                            <p>projets depuis 2017<\/p>\r\n                                          <\/div>\r\n                                        <\/div><div class=\"col-lg-3 col-6\">\r\n                                          <div class=\"dp-counter\">\r\n                                            <h3><span class=\"dp-counter-amt\">13<\/span>K+<\/h3>\r\n                                            <p>locaux construits au total<\/p>\r\n                                          <\/div>\r\n                                        <\/div><div class=\"col-lg-3 col-6\">\r\n                                          <div class=\"dp-counter\">\r\n                                            <h3><span class=\"dp-counter-amt\">20<\/span><\/h3>\r\n                                            <p>communaut\u00e9s desservies   <\/p>\r\n                                          <\/div>\r\n                                        <\/div><\/div>\r\n                      <\/div>\r\n                      \r\n                    <\/div>\r\n                  <\/section>\r\n                  \r\n                  <!--====  End of Accomplishments  ====-->\r\n\r\n                [\/vc_column][\/vc_row][vc_row full_width=\u00a0\u00bbstretch_row_content\u00a0\u00bb][vc_column css=\u00a0\u00bb.vc_custom_1666213141683{padding-right: 0px !important;padding-left: 0px !important;}\u00a0\u00bb] <!--=====================================\n                    =            Accomplishments            =\n                    ======================================-->\n                    \n                    <section class=\"dp-map-sec\">\n                        <div id=\"dp_gmap_582\" style=\"height:90vh; max-height:1000px;\"><\/div><div class=\"dp-counter-sec-inner\">\n                        \n                        \n                        <\/div>\n                    <\/section>\n                    <script type=\"text\/javascript\">\n                    console.log(\"test\");  \n                    <\/script>\n                    \n                    <!--====  End of Accomplishments  ====-->\n\n                    [\/vc_column][\/vc_row][vc_row full_width=\u00a0\u00bbstretch_row_content\u00a0\u00bb][vc_column]\r\n                <!--========================================\r\n                =            Image Text Section            =\r\n                =========================================-->\r\n                \r\n                <section class=\"dp-image-text-sec dp-common-sec  dp-img-text-align-left   dp-invert  wpb_animate_when_almost_visible wpb_fadeInUp fadeInUp\"><div class=\"container\">\r\n                    <div class=\"row dp-row-invert \">\r\n                      <div class=\"col-lg-6 dp-image-text-img-col\">\r\n                        <div class=\"dp-image-text-img-wrap\">\r\n                          <div class=\"dp-image-text-img\" style=\"background-image:url(https:\/\/immeublesavenir.ca\/wp-content\/uploads\/2022\/10\/looking-invest.jpg)\"><\/div>\r\n                        <\/div>\r\n                      <\/div>\r\n                      <div class=\"col-lg-6\">\r\n                        <div class=\"dp-image-text-block\">\r\n                          <h2>Prenez contact avec nous<\/h2>\r\n                          <p>Vous souhaitez int\u00e9grer l&rsquo;\u00e9quipe Avenir et d\u00e9couvrir nos derniers projets ou opportunit\u00e9s d&rsquo;investissement ? Contactez-nous et nous serons heureux de vous informer des derni\u00e8res opportunit\u00e9s.<\/p>\n\r\n                          <div class=\"dp-sec-btns\">\r\n                            <a href=\"\/fr\/nous-joindre\/\" class=\"btn btn-primary\"><span>Nous joindre <i class=\"invicon-arrow-1-right\"><\/i><\/span><\/a>\r\n                          <\/div>\r\n                          \r\n                        <\/div>\r\n                      <\/div>\r\n                    <\/div>\r\n                  <\/div>\r\n                <\/section>\r\n                \r\n                <!--====  End of Image Text Section  ====-->[\/vc_column][\/vc_row]<\/p>\n<\/div>","protected":false},"excerpt":{"rendered":"<p>[vc_row][vc_column][\/vc_column][\/vc_row][vc_row full_width=\u00a0\u00bbstretch_row_content\u00a0\u00bb][vc_column css=\u00a0\u00bb.vc_custom_1666213141683{padding-right: 0px !important;padding-left: 0px !important;}\u00a0\u00bb][\/vc_column][\/vc_row][vc_row full_width=\u00a0\u00bbstretch_row_content\u00a0\u00bb][vc_column][\/vc_column][\/vc_row]<\/p>\n","protected":false},"author":1,"featured_media":0,"parent":0,"menu_order":0,"comment_status":"closed","ping_status":"open","template":"","meta":{"_acf_changed":false,"footnotes":""},"class_list":["post-152","page","type-page","status-publish","hentry"],"acf":[],"_links":{"self":[{"href":"https:\/\/immeublesavenir.ca\/fr\/wp-json\/wp\/v2\/pages\/152","targetHints":{"allow":["GET"]}}],"collection":[{"href":"https:\/\/immeublesavenir.ca\/fr\/wp-json\/wp\/v2\/pages"}],"about":[{"href":"https:\/\/immeublesavenir.ca\/fr\/wp-json\/wp\/v2\/types\/page"}],"author":[{"embeddable":true,"href":"https:\/\/immeublesavenir.ca\/fr\/wp-json\/wp\/v2\/users\/1"}],"replies":[{"embeddable":true,"href":"https:\/\/immeublesavenir.ca\/fr\/wp-json\/wp\/v2\/comments?post=152"}],"version-history":[{"count":23,"href":"https:\/\/immeublesavenir.ca\/fr\/wp-json\/wp\/v2\/pages\/152\/revisions"}],"predecessor-version":[{"id":17191,"href":"https:\/\/immeublesavenir.ca\/fr\/wp-json\/wp\/v2\/pages\/152\/revisions\/17191"}],"wp:attachment":[{"href":"https:\/\/immeublesavenir.ca\/fr\/wp-json\/wp\/v2\/media?parent=152"}],"curies":[{"name":"wp","href":"https:\/\/api.w.org\/{rel}","templated":true}]}}